{"id":1397,"date":"2013-10-31T17:49:33","date_gmt":"2013-10-31T20:49:33","guid":{"rendered":"http:\/\/www.linux2business.com.br\/site\/?page_id=1397"},"modified":"2019-11-01T14:54:42","modified_gmt":"2019-11-01T17:54:42","slug":"principal","status":"publish","type":"page","link":"https:\/\/www.linux2business.com.br\/site\/","title":{"rendered":"Principal"},"content":{"rendered":"","protected":false},"excerpt":{"rendered":"","protected":false},"author":1,"featured_media":0,"parent":0,"menu_order":0,"comment_status":"closed","ping_status":"open","template":"","meta":{"footnotes":""},"yoast_head":"<!-- This site is optimized with the Yoast SEO plugin v21.4 - https:\/\/yoast.com\/wordpress\/plugins\/seo\/ -->\n<title>Plataforma Aberta na Nuvem para Marketing e Vendas<\/title>\n<meta name=\"description\" content=\"Entregamos uma plataforma aberta na nuvem para melhorar a gest\u00e3o de marketing e vendas das pequenas e m\u00e9dias empresas B2B com gest\u00e3o de projetos de entrega.\" \/>\n<meta name=\"robots\" content=\"index, follow, max-snippet:-1, max-image-preview:large, max-video-preview:-1\" \/>\n<link rel=\"canonical\" href=\"https:\/\/www.linux2business.com.br\/site\/\" \/>\n<meta property=\"og:locale\" content=\"pt_BR\" \/>\n<meta property=\"og:type\" content=\"article\" \/>\n<meta property=\"og:title\" content=\"Plataforma Aberta na Nuvem para Marketing e Vendas\" \/>\n<meta property=\"og:description\" content=\"Entregamos uma plataforma aberta na nuvem para melhorar a gest\u00e3o de marketing e vendas das pequenas e m\u00e9dias empresas B2B com gest\u00e3o de projetos de entrega.\" \/>\n<meta property=\"og:url\" content=\"https:\/\/www.linux2business.com.br\/site\/\" \/>\n<meta property=\"og:site_name\" content=\"Linux2Business\" \/>\n<meta property=\"article:modified_time\" content=\"2019-11-01T17:54:42+00:00\" \/>\n<script type=\"application\/ld+json\" class=\"yoast-schema-graph\">{\"@context\":\"https:\/\/schema.org\",\"@graph\":[{\"@type\":\"WebPage\",\"@id\":\"https:\/\/www.linux2business.com.br\/site\/\",\"url\":\"https:\/\/www.linux2business.com.br\/site\/\",\"name\":\"Plataforma Aberta na Nuvem para Marketing e Vendas\",\"isPartOf\":{\"@id\":\"https:\/\/www.linux2business.com.br\/site\/#website\"},\"datePublished\":\"2013-10-31T20:49:33+00:00\",\"dateModified\":\"2019-11-01T17:54:42+00:00\",\"description\":\"Entregamos uma plataforma aberta na nuvem para melhorar a gest\u00e3o de marketing e vendas das pequenas e m\u00e9dias empresas B2B com gest\u00e3o de projetos de entrega.\",\"inLanguage\":\"pt-BR\",\"potentialAction\":[{\"@type\":\"ReadAction\",\"target\":[\"https:\/\/www.linux2business.com.br\/site\/\"]}]},{\"@type\":\"WebSite\",\"@id\":\"https:\/\/www.linux2business.com.br\/site\/#website\",\"url\":\"https:\/\/www.linux2business.com.br\/site\/\",\"name\":\"Linux2Business\",\"description\":\"Solu\u00e7\u00f5es Livres na Nuvem para Facilitar a Gest\u00e3o das Pequenas e M\u00e9dias Empresas\",\"publisher\":{\"@id\":\"https:\/\/www.linux2business.com.br\/site\/#organization\"},\"potentialAction\":[{\"@type\":\"SearchAction\",\"target\":{\"@type\":\"EntryPoint\",\"urlTemplate\":\"https:\/\/www.linux2business.com.br\/site\/?s={search_term_string}\"},\"query-input\":\"required name=search_term_string\"}],\"inLanguage\":\"pt-BR\"},{\"@type\":\"Organization\",\"@id\":\"https:\/\/www.linux2business.com.br\/site\/#organization\",\"name\":\"Linux2Business\",\"url\":\"https:\/\/www.linux2business.com.br\/site\/\",\"logo\":{\"@type\":\"ImageObject\",\"inLanguage\":\"pt-BR\",\"@id\":\"https:\/\/www.linux2business.com.br\/site\/#\/schema\/logo\/image\/\",\"url\":\"https:\/\/www.linux2business.com.br\/site\/wp-content\/uploads\/2019\/10\/cropped-Logo1_Linux2Biz_pequeno_transparente.png\",\"contentUrl\":\"https:\/\/www.linux2business.com.br\/site\/wp-content\/uploads\/2019\/10\/cropped-Logo1_Linux2Biz_pequeno_transparente.png\",\"width\":207,\"height\":45,\"caption\":\"Linux2Business\"},\"image\":{\"@id\":\"https:\/\/www.linux2business.com.br\/site\/#\/schema\/logo\/image\/\"}}]}<\/script>\n<!-- \/ Yoast SEO plugin. -->","yoast_head_json":{"title":"Plataforma Aberta na Nuvem para Marketing e Vendas","description":"Entregamos uma plataforma aberta na nuvem para melhorar a gest\u00e3o de marketing e vendas das pequenas e m\u00e9dias empresas B2B com gest\u00e3o de projetos de entrega.","robots":{"index":"index","follow":"follow","max-snippet":"max-snippet:-1","max-image-preview":"max-image-preview:large","max-video-preview":"max-video-preview:-1"},"canonical":"https:\/\/www.linux2business.com.br\/site\/","og_locale":"pt_BR","og_type":"article","og_title":"Plataforma Aberta na Nuvem para Marketing e Vendas","og_description":"Entregamos uma plataforma aberta na nuvem para melhorar a gest\u00e3o de marketing e vendas das pequenas e m\u00e9dias empresas B2B com gest\u00e3o de projetos de entrega.","og_url":"https:\/\/www.linux2business.com.br\/site\/","og_site_name":"Linux2Business","article_modified_time":"2019-11-01T17:54:42+00:00","schema":{"@context":"https:\/\/schema.org","@graph":[{"@type":"WebPage","@id":"https:\/\/www.linux2business.com.br\/site\/","url":"https:\/\/www.linux2business.com.br\/site\/","name":"Plataforma Aberta na Nuvem para Marketing e Vendas","isPartOf":{"@id":"https:\/\/www.linux2business.com.br\/site\/#website"},"datePublished":"2013-10-31T20:49:33+00:00","dateModified":"2019-11-01T17:54:42+00:00","description":"Entregamos uma plataforma aberta na nuvem para melhorar a gest\u00e3o de marketing e vendas das pequenas e m\u00e9dias empresas B2B com gest\u00e3o de projetos de entrega.","inLanguage":"pt-BR","potentialAction":[{"@type":"ReadAction","target":["https:\/\/www.linux2business.com.br\/site\/"]}]},{"@type":"WebSite","@id":"https:\/\/www.linux2business.com.br\/site\/#website","url":"https:\/\/www.linux2business.com.br\/site\/","name":"Linux2Business","description":"Solu\u00e7\u00f5es Livres na Nuvem para Facilitar a Gest\u00e3o das Pequenas e M\u00e9dias Empresas","publisher":{"@id":"https:\/\/www.linux2business.com.br\/site\/#organization"},"potentialAction":[{"@type":"SearchAction","target":{"@type":"EntryPoint","urlTemplate":"https:\/\/www.linux2business.com.br\/site\/?s={search_term_string}"},"query-input":"required name=search_term_string"}],"inLanguage":"pt-BR"},{"@type":"Organization","@id":"https:\/\/www.linux2business.com.br\/site\/#organization","name":"Linux2Business","url":"https:\/\/www.linux2business.com.br\/site\/","logo":{"@type":"ImageObject","inLanguage":"pt-BR","@id":"https:\/\/www.linux2business.com.br\/site\/#\/schema\/logo\/image\/","url":"https:\/\/www.linux2business.com.br\/site\/wp-content\/uploads\/2019\/10\/cropped-Logo1_Linux2Biz_pequeno_transparente.png","contentUrl":"https:\/\/www.linux2business.com.br\/site\/wp-content\/uploads\/2019\/10\/cropped-Logo1_Linux2Biz_pequeno_transparente.png","width":207,"height":45,"caption":"Linux2Business"},"image":{"@id":"https:\/\/www.linux2business.com.br\/site\/#\/schema\/logo\/image\/"}}]}},"_links":{"self":[{"href":"https:\/\/www.linux2business.com.br\/site\/wp-json\/wp\/v2\/pages\/1397"}],"collection":[{"href":"https:\/\/www.linux2business.com.br\/site\/wp-json\/wp\/v2\/pages"}],"about":[{"href":"https:\/\/www.linux2business.com.br\/site\/wp-json\/wp\/v2\/types\/page"}],"author":[{"embeddable":true,"href":"https:\/\/www.linux2business.com.br\/site\/wp-json\/wp\/v2\/users\/1"}],"replies":[{"embeddable":true,"href":"https:\/\/www.linux2business.com.br\/site\/wp-json\/wp\/v2\/comments?post=1397"}],"version-history":[{"count":1,"href":"https:\/\/www.linux2business.com.br\/site\/wp-json\/wp\/v2\/pages\/1397\/revisions"}],"predecessor-version":[{"id":1398,"href":"https:\/\/www.linux2business.com.br\/site\/wp-json\/wp\/v2\/pages\/1397\/revisions\/1398"}],"wp:attachment":[{"href":"https:\/\/www.linux2business.com.br\/site\/wp-json\/wp\/v2\/media?parent=1397"}],"curies":[{"name":"wp","href":"https:\/\/api.w.org\/{rel}","templated":true}]}}